{"id":483,"date":"2025-03-05T12:18:52","date_gmt":"2025-03-05T11:18:52","guid":{"rendered":"https:\/\/www.designbyholmer.se\/cart\/"},"modified":"2025-05-06T13:26:49","modified_gmt":"2025-05-06T11:26:49","slug":"cart","status":"publish","type":"page","link":"https:\/\/www.designbyholmer.se\/en\/cart\/","title":{"rendered":"Cart"},"content":{"rendered":"\n<div data-block-name=\"woocommerce\/cart\" class=\"wp-block-woocommerce-cart alignwide is-loading\">\n<div data-block-name=\"woocommerce\/filled-cart-block\" class=\"wp-block-woocommerce-filled-cart-block\">\n<div data-block-name=\"woocommerce\/cart-items-block\" class=\"wp-block-woocommerce-cart-items-block\">\n<div data-block-name=\"woocommerce\/cart-line-items-block\" class=\"wp-block-woocommerce-cart-line-items-block\"><\/div>\n\n\n\n<div data-block-name=\"woocommerce\/cart-cross-sells-block\" class=\"wp-block-woocommerce-cart-cross-sells-block\">\n<h2 class=\"wp-block-heading has-large-font-size\">You may be interested in\u2026<\/h2>\n\n\n\n<div data-block-name=\"woocommerce\/cart-cross-sells-products-block\" class=\"wp-block-woocommerce-cart-cross-sells-products-block\"><\/div>\n<\/div>\n<\/div>\n\n\n\n<div data-block-name=\"woocommerce\/cart-totals-block\" class=\"wp-block-woocommerce-cart-totals-block\">\n<div data-block-name=\"woocommerce\/cart-order-summary-block\" class=\"wp-block-woocommerce-cart-order-summary-block\">\n<div data-block-name=\"woocommerce\/cart-order-summary-heading-block\" data-content=\"Varukorg totalbelopp\" class=\"wp-block-woocommerce-cart-order-summary-heading-block\"><\/div>\n\n\n\n<div data-block-name=\"woocommerce\/cart-order-summary-coupon-form-block\" class=\"wp-block-woocommerce-cart-order-summary-coupon-form-block\"><\/div>\n\n\n\n<div data-block-name=\"woocommerce\/cart-order-summary-totals-block\" class=\"wp-block-woocommerce-cart-order-summary-totals-block\">\n<div data-block-name=\"woocommerce\/cart-order-summary-subtotal-block\" class=\"wp-block-woocommerce-cart-order-summary-subtotal-block\"><\/div>\n\n\n\n<div data-block-name=\"woocommerce\/cart-order-summary-fee-block\" class=\"wp-block-woocommerce-cart-order-summary-fee-block\"><\/div>\n\n\n\n<div data-block-name=\"woocommerce\/cart-order-summary-discount-block\" class=\"wp-block-woocommerce-cart-order-summary-discount-block\"><\/div>\n\n\n\n<div data-block-name=\"woocommerce\/cart-order-summary-shipping-block\" class=\"wp-block-woocommerce-cart-order-summary-shipping-block\"><\/div>\n\n\n\n<div data-block-name=\"woocommerce\/cart-order-summary-taxes-block\" class=\"wp-block-woocommerce-cart-order-summary-taxes-block\"><\/div>\n<\/div>\n<\/div>\n\n\n\n<div data-block-name=\"woocommerce\/cart-express-payment-block\" class=\"wp-block-woocommerce-cart-express-payment-block\"><\/div>\n\n\n\n<div data-block-name=\"woocommerce\/proceed-to-checkout-block\" class=\"wp-block-woocommerce-proceed-to-checkout-block\"><\/div>\n\n\n\n<div data-block-name=\"woocommerce\/cart-accepted-payment-methods-block\" class=\"wp-block-woocommerce-cart-accepted-payment-methods-block\"><\/div>\n\n\n\n<p>Genom att klicka p\u00e5 forts\u00e4tt till kassan godk\u00e4nner du automatiskt v\u00e5ra <a href=\"https:\/\/www.designbyholmer.se\/en\/shop-and-refund-policy\/\" data-type=\"page\" data-id=\"278\">k\u00f6pvillkor.<\/a><\/p>\n<\/div>\n<\/div>\n\n\n\n<div data-block-name=\"woocommerce\/empty-cart-block\" class=\"wp-block-woocommerce-empty-cart-block\">\n<h2 class=\"wp-block-heading has-text-align-center with-empty-cart-icon wc-block-cart__empty-cart__title\">Your cart is currently empty!<\/h2>\n\n\n\n<hr class=\"wp-block-separator has-alpha-channel-opacity is-style-dots\"\/>\n\n\n\n<h2 class=\"wp-block-heading has-text-align-center\">New in store<\/h2>\n\n\n<div data-block-name=\"woocommerce\/product-new\" data-columns=\"4\" data-rows=\"1\" class=\"wc-block-grid wp-block-product-new wp-block-woocommerce-product-new wc-block-product-new has-4-columns\"><ul class=\"wc-block-grid__products\"><li class=\"wc-block-grid__product\">\n\t\t\t\t<a href=\"https:\/\/www.designbyholmer.se\/en\/product\/reinforced-rain-pants-with-double-pu-on-the-knees-and-seat\/\" class=\"wc-block-grid__product-link\">\n\t\t\t\t\t<div class=\"wc-block-grid__product-onsale\">\n\t\t\t<span aria-hidden=\"true\">Sale<\/span>\n\t\t\t<span class=\"screen-reader-text\">Product on sale<\/span>\n\t\t<\/div>\n\t\t\t\t\t<div class=\"wc-block-grid__product-image\"><img loading=\"lazy\" decoding=\"async\" width=\"300\" height=\"300\" src=\"https:\/\/www.designbyholmer.se\/wp-content\/uploads\/2025\/09\/Foto-2025-09-06-14-19-46-300x300.jpg\" class=\"attachment-woocommerce_thumbnail size-woocommerce_thumbnail\" alt=\"Reinforced rain pants with double PU on the knees and seat.\" srcset=\"https:\/\/www.designbyholmer.se\/wp-content\/uploads\/2025\/09\/Foto-2025-09-06-14-19-46-300x300.jpg 300w, https:\/\/www.designbyholmer.se\/wp-content\/uploads\/2025\/09\/Foto-2025-09-06-14-19-46-150x150.jpg 150w, https:\/\/www.designbyholmer.se\/wp-content\/uploads\/2025\/09\/Foto-2025-09-06-14-19-46-100x100.jpg 100w\" sizes=\"auto, (max-width: 300px) 100vw, 300px\" \/><\/div>\n\t\t\t\t\t<div class=\"wc-block-grid__product-title\">Reinforced rain pants with double PU on the knees and seat.<\/div>\n\t\t\t\t<\/a>\n\t\t\t\t<div class=\"wc-block-grid__product-price price\"><span class=\"woocommerce-Price-amount amount\" aria-hidden=\"true\">325,00&nbsp;<span class=\"woocommerce-Price-currencySymbol\">&#107;&#114;<\/span><\/span> <span aria-hidden=\"true\">&ndash;<\/span> <span class=\"woocommerce-Price-amount amount\" aria-hidden=\"true\">799,00&nbsp;<span class=\"woocommerce-Price-currencySymbol\">&#107;&#114;<\/span><\/span><span class=\"screen-reader-text\">Price range: 325,00&nbsp;&#107;&#114; through 799,00&nbsp;&#107;&#114;<\/span><\/div>\n\t\t\t\t\n\t\t\t\t<div class=\"wp-block-button wc-block-grid__product-add-to-cart\"><a href=\"https:\/\/www.designbyholmer.se\/en\/product\/reinforced-rain-pants-with-double-pu-on-the-knees-and-seat\/\" aria-label=\"Select options for &ldquo;Reinforced rain pants with double PU on the knees and seat.&rdquo;\" data-quantity=\"1\" data-product_id=\"1891\" data-product_sku=\"\" data-price=\"325\" rel=\"nofollow\" class=\"wp-block-button__link wp-element-button add_to_cart_button\">Select options<\/a><\/div>\n\t\t\t<\/li><li class=\"wc-block-grid__product\">\n\t\t\t\t<a href=\"https:\/\/www.designbyholmer.se\/en\/product\/reinforced-unlined-rain-set\/\" class=\"wc-block-grid__product-link\">\n\t\t\t\t\t<div class=\"wc-block-grid__product-onsale\">\n\t\t\t<span aria-hidden=\"true\">Sale<\/span>\n\t\t\t<span class=\"screen-reader-text\">Product on sale<\/span>\n\t\t<\/div>\n\t\t\t\t\t<div class=\"wc-block-grid__product-image\"><img loading=\"lazy\" decoding=\"async\" width=\"300\" height=\"300\" src=\"https:\/\/www.designbyholmer.se\/wp-content\/uploads\/2025\/09\/Foto-2025-08-12-09-23-19-300x300.jpg\" class=\"attachment-woocommerce_thumbnail size-woocommerce_thumbnail\" alt=\"Reinforced unlined rain set\" srcset=\"https:\/\/www.designbyholmer.se\/wp-content\/uploads\/2025\/09\/Foto-2025-08-12-09-23-19-300x300.jpg 300w, https:\/\/www.designbyholmer.se\/wp-content\/uploads\/2025\/09\/Foto-2025-08-12-09-23-19-150x150.jpg 150w, https:\/\/www.designbyholmer.se\/wp-content\/uploads\/2025\/09\/Foto-2025-08-12-09-23-19-100x100.jpg 100w\" sizes=\"auto, (max-width: 300px) 100vw, 300px\" \/><\/div>\n\t\t\t\t\t<div class=\"wc-block-grid__product-title\">Reinforced unlined rain set<\/div>\n\t\t\t\t<\/a>\n\t\t\t\t<div class=\"wc-block-grid__product-price price\"><span class=\"woocommerce-Price-amount amount\" aria-hidden=\"true\">600,00&nbsp;<span class=\"woocommerce-Price-currencySymbol\">&#107;&#114;<\/span><\/span> <span aria-hidden=\"true\">&ndash;<\/span> <span class=\"woocommerce-Price-amount amount\" aria-hidden=\"true\">1250,00&nbsp;<span class=\"woocommerce-Price-currencySymbol\">&#107;&#114;<\/span><\/span><span class=\"screen-reader-text\">Price range: 600,00&nbsp;&#107;&#114; through 1250,00&nbsp;&#107;&#114;<\/span><\/div>\n\t\t\t\t\n\t\t\t\t<div class=\"wp-block-button wc-block-grid__product-add-to-cart\"><a href=\"https:\/\/www.designbyholmer.se\/en\/product\/reinforced-unlined-rain-set\/\" aria-label=\"Select options for &ldquo;Reinforced unlined rain set&rdquo;\" data-quantity=\"1\" data-product_id=\"1867\" data-product_sku=\"\" data-price=\"600\" rel=\"nofollow\" class=\"wp-block-button__link wp-element-button add_to_cart_button\">Select options<\/a><\/div>\n\t\t\t<\/li><li class=\"wc-block-grid__product\">\n\t\t\t\t<a href=\"https:\/\/www.designbyholmer.se\/en\/product\/reinforced-lined-rain-set\/\" class=\"wc-block-grid__product-link\">\n\t\t\t\t\t<div class=\"wc-block-grid__product-onsale\">\n\t\t\t<span aria-hidden=\"true\">Sale<\/span>\n\t\t\t<span class=\"screen-reader-text\">Product on sale<\/span>\n\t\t<\/div>\n\t\t\t\t\t<div class=\"wc-block-grid__product-image\"><img loading=\"lazy\" decoding=\"async\" width=\"300\" height=\"300\" src=\"https:\/\/www.designbyholmer.se\/wp-content\/uploads\/2025\/09\/Foto-2025-08-12-09-01-03-300x300.jpg\" class=\"attachment-woocommerce_thumbnail size-woocommerce_thumbnail\" alt=\"Reinforced lined rain set\" srcset=\"https:\/\/www.designbyholmer.se\/wp-content\/uploads\/2025\/09\/Foto-2025-08-12-09-01-03-300x300.jpg 300w, https:\/\/www.designbyholmer.se\/wp-content\/uploads\/2025\/09\/Foto-2025-08-12-09-01-03-150x150.jpg 150w, https:\/\/www.designbyholmer.se\/wp-content\/uploads\/2025\/09\/Foto-2025-08-12-09-01-03-100x100.jpg 100w\" sizes=\"auto, (max-width: 300px) 100vw, 300px\" \/><\/div>\n\t\t\t\t\t<div class=\"wc-block-grid__product-title\">Reinforced lined rain set<\/div>\n\t\t\t\t<\/a>\n\t\t\t\t<div class=\"wc-block-grid__product-price price\"><span class=\"woocommerce-Price-amount amount\" aria-hidden=\"true\">699,00&nbsp;<span class=\"woocommerce-Price-currencySymbol\">&#107;&#114;<\/span><\/span> <span aria-hidden=\"true\">&ndash;<\/span> <span class=\"woocommerce-Price-amount amount\" aria-hidden=\"true\">1350,00&nbsp;<span class=\"woocommerce-Price-currencySymbol\">&#107;&#114;<\/span><\/span><span class=\"screen-reader-text\">Price range: 699,00&nbsp;&#107;&#114; through 1350,00&nbsp;&#107;&#114;<\/span><\/div>\n\t\t\t\t\n\t\t\t\t<div class=\"wp-block-button wc-block-grid__product-add-to-cart\"><a href=\"https:\/\/www.designbyholmer.se\/en\/product\/reinforced-lined-rain-set\/\" aria-label=\"Select options for &ldquo;Reinforced lined rain set&rdquo;\" data-quantity=\"1\" data-product_id=\"1849\" data-product_sku=\"\" data-price=\"699\" rel=\"nofollow\" class=\"wp-block-button__link wp-element-button add_to_cart_button\">Select options<\/a><\/div>\n\t\t\t<\/li><li class=\"wc-block-grid__product\">\n\t\t\t\t<a href=\"https:\/\/www.designbyholmer.se\/en\/product\/rain-gear-for-active-children-and-young-people\/\" class=\"wc-block-grid__product-link\">\n\t\t\t\t\t\n\t\t\t\t\t<div class=\"wc-block-grid__product-image\"><img loading=\"lazy\" decoding=\"async\" width=\"300\" height=\"300\" src=\"https:\/\/www.designbyholmer.se\/wp-content\/uploads\/2024\/12\/Foto-2024-11-16-14-54-19-scaled-1-300x300.jpg\" class=\"attachment-woocommerce_thumbnail size-woocommerce_thumbnail\" alt=\"Rain Set for Active Children and Teenagers\" srcset=\"https:\/\/www.designbyholmer.se\/wp-content\/uploads\/2024\/12\/Foto-2024-11-16-14-54-19-scaled-1-300x300.jpg 300w, https:\/\/www.designbyholmer.se\/wp-content\/uploads\/2024\/12\/Foto-2024-11-16-14-54-19-scaled-1-100x100.jpg 100w, https:\/\/www.designbyholmer.se\/wp-content\/uploads\/2024\/12\/Foto-2024-11-16-14-54-19-scaled-1-150x150.jpg 150w\" sizes=\"auto, (max-width: 300px) 100vw, 300px\" \/><\/div>\n\t\t\t\t\t<div class=\"wc-block-grid__product-title\">Rain Set for Active Children and Teenagers<\/div>\n\t\t\t\t<\/a>\n\t\t\t\t<div class=\"wc-block-grid__product-price price\"><span class=\"woocommerce-Price-amount amount\" aria-hidden=\"true\">699,00&nbsp;<span class=\"woocommerce-Price-currencySymbol\">&#107;&#114;<\/span><\/span> <span aria-hidden=\"true\">&ndash;<\/span> <span class=\"woocommerce-Price-amount amount\" aria-hidden=\"true\">1199,00&nbsp;<span class=\"woocommerce-Price-currencySymbol\">&#107;&#114;<\/span><\/span><span class=\"screen-reader-text\">Price range: 699,00&nbsp;&#107;&#114; through 1199,00&nbsp;&#107;&#114;<\/span><\/div>\n\t\t\t\t\n\t\t\t\t<div class=\"wp-block-button wc-block-grid__product-add-to-cart\"><a href=\"https:\/\/www.designbyholmer.se\/en\/product\/rain-gear-for-active-children-and-young-people\/\" aria-label=\"Select options for &ldquo;Rain Set for Active Children and Teenagers&rdquo;\" data-quantity=\"1\" data-product_id=\"576\" data-product_sku=\"\" data-price=\"699\" rel=\"nofollow\" class=\"wp-block-button__link wp-element-button add_to_cart_button\">Select options<\/a><\/div>\n\t\t\t<\/li><\/ul><\/div><\/div>\n<\/div>\n","protected":false},"excerpt":{"rendered":"","protected":false},"author":1,"featured_media":0,"parent":0,"menu_order":0,"comment_status":"closed","ping_status":"closed","template":"","meta":{"footnotes":""},"class_list":["post-483","page","type-page","status-publish","hentry"],"jetpack_sharing_enabled":true,"_links":{"self":[{"href":"https:\/\/www.designbyholmer.se\/en\/wp-json\/wp\/v2\/pages\/483","targetHints":{"allow":["GET"]}}],"collection":[{"href":"https:\/\/www.designbyholmer.se\/en\/wp-json\/wp\/v2\/pages"}],"about":[{"href":"https:\/\/www.designbyholmer.se\/en\/wp-json\/wp\/v2\/types\/page"}],"author":[{"embeddable":true,"href":"https:\/\/www.designbyholmer.se\/en\/wp-json\/wp\/v2\/users\/1"}],"replies":[{"embeddable":true,"href":"https:\/\/www.designbyholmer.se\/en\/wp-json\/wp\/v2\/comments?post=483"}],"version-history":[{"count":0,"href":"https:\/\/www.designbyholmer.se\/en\/wp-json\/wp\/v2\/pages\/483\/revisions"}],"wp:attachment":[{"href":"https:\/\/www.designbyholmer.se\/en\/wp-json\/wp\/v2\/media?parent=483"}],"curies":[{"name":"wp","href":"https:\/\/api.w.org\/{rel}","templated":true}]}}